{"id":15929,"date":"2018-06-14T09:22:32","date_gmt":"2018-06-14T09:22:32","guid":{"rendered":"https:\/\/old.kli-ks.org\/media\/"},"modified":"2018-10-03T15:14:44","modified_gmt":"2018-10-03T15:14:44","slug":"media","status":"publish","type":"page","link":"https:\/\/old.kli-ks.org\/en\/media\/","title":{"rendered":"Media"},"content":{"rendered":"<div id=\"cmsmasters_row_wm78rmrlbi\" class=\"cmsmasters_row cmsmasters_color_scheme_default cmsmasters_row_top_default cmsmasters_row_bot_default cmsmasters_row_boxed\">\n<div class=\"cmsmasters_row_outer_parent\">\n<div class=\"cmsmasters_row_outer\">\n<div class=\"cmsmasters_row_inner\">\n<div class=\"cmsmasters_row_margin\">\n<div class=\"cmsmasters_column one_first\">\n<div id=\"cmsmasters_divider_vmwa86w1vs\" class=\"cl\"><\/div>\n<\/div>\n<\/div>\n<\/div>\n<\/div>\n<\/div>\n<\/div>\n<div id=\"cmsmasters_row_17vldftlh9\" class=\"cmsmasters_row cmsmasters_color_scheme_default cmsmasters_row_top_default cmsmasters_row_bot_default cmsmasters_row_boxed\">\n<div class=\"cmsmasters_row_outer_parent\">\n<div class=\"cmsmasters_row_outer\">\n<div class=\"cmsmasters_row_inner\">\n<div class=\"cmsmasters_row_margin\">\n<div class=\"cmsmasters_column one_first\">\n<div class=\"aligncenter\"><div class=\"cmsmasters_img  cmsmasters_image_c program_image \"><img decoding=\"async\" src=\"https:\/\/old.kli-ks.org\/wp-content\/uploads\/2018\/06\/Media-300x300.png\" \/><\/div><\/div><div class=\"cmsmasters_text cmsmasters_row_8fq41k7lz6\">\n<h3>Media is a special program of the KLI, through which aims to advance investigative journalism, focusing on rule of law, producing media products such as daily and weekly reporting from developments in the field of rule of law and also to raise the professional capacities of journalists for legal knowledge and research techniques to cover research topics of specific areas and specific topics. Our work focuses on the strengthening of journalistic research and professional training of journalists in the field of rule of law.<\/h3>\n<\/div>\n<\/div>\n<\/div>\n<\/div>\n<\/div>\n<\/div>\n<\/div>\n<div id=\"cmsmasters_row_b6mfg4o496\" class=\"cmsmasters_row cmsmasters_color_scheme_default cmsmasters_row_top_default cmsmasters_row_bot_default cmsmasters_row_boxed\">\n<div class=\"cmsmasters_row_outer_parent\">\n<div class=\"cmsmasters_row_outer\">\n<div class=\"cmsmasters_row_inner\">\n<div class=\"cmsmasters_row_margin\">\n<div class=\"cmsmasters_column one_first\">\n<div id=\"cmsmasters_divider_j1hskneecm\" class=\"cl\"><\/div>\n<\/div>\n<\/div>\n<\/div>\n<\/div>\n<\/div>\n<\/div>\n<div id=\"cmsmasters_row_r8ttrmt04q\" class=\"cmsmasters_row cmsmasters_color_scheme_default cmsmasters_row_top_default cmsmasters_row_bot_default cmsmasters_row_boxed\">\n<div class=\"cmsmasters_row_outer_parent\">\n<div class=\"cmsmasters_row_outer\">\n<div class=\"cmsmasters_row_inner\">\n<div class=\"cmsmasters_row_margin\">\n<div class=\"cmsmasters_column one_first\">\n<div id=\"cmsmasters_heading_a6tn5jwemq\" class=\"cmsmasters_heading_wrap cmsmasters_heading_align_left\">\n\t<h1 class=\"cmsmasters_heading\">Activities<\/h1>\n<\/div><div class=\"cmsmasters_text\">\n<p>[theme_grid_items posts_per_page=3 category=155 has_excerpt=true is_category=true is_sub_page=true]<\/p>\n<\/div>\n<\/div>\n<\/div>\n<\/div>\n<\/div>\n<\/div>\n<\/div>\n<div id=\"cmsmasters_row_ljykgkm19\" class=\"cmsmasters_row cmsmasters_color_scheme_default cmsmasters_row_top_default cmsmasters_row_bot_default cmsmasters_row_boxed\">\n<div class=\"cmsmasters_row_outer_parent\">\n<div class=\"cmsmasters_row_outer\">\n<div class=\"cmsmasters_row_inner\">\n<div class=\"cmsmasters_row_margin\">\n<div class=\"cmsmasters_column one_first\">\n<div id=\"cmsmasters_heading_uhqwhadfko\" class=\"cmsmasters_heading_wrap cmsmasters_heading_align_left\">\n\t<h1 class=\"cmsmasters_heading\">Publications<\/h1>\n<\/div><div class=\"cmsmasters_text\">\n<p>[theme_grid_items posts_per_page=3 category=162 has_excerpt=true is_category=true is_sub_page=true]<\/p>\n<\/div>\n<\/div>\n<\/div>\n<\/div>\n<\/div>\n<\/div>\n<\/div>\n\n","protected":false},"excerpt":{"rendered":"","protected":false},"author":2,"featured_media":0,"parent":0,"menu_order":0,"comment_status":"closed","ping_status":"closed","template":"","meta":{"footnotes":""},"class_list":["post-15929","page","type-page","status-publish","hentry"],"yoast_head":"<!-- This site is optimized with the Yoast SEO plugin v26.4 - https:\/\/yoast.com\/wordpress\/plugins\/seo\/ -->\n<title>Media - IKD<\/title>\n<meta name=\"robots\" content=\"index, follow, max-snippet:-1, max-image-preview:large, max-video-preview:-1\" \/>\n<link rel=\"canonical\" href=\"https:\/\/old.kli-ks.org\/en\/media\/\" \/>\n<meta property=\"og:locale\" content=\"en_US\" \/>\n<meta property=\"og:type\" content=\"article\" \/>\n<meta property=\"og:title\" content=\"Media - IKD\" \/>\n<meta property=\"og:url\" content=\"https:\/\/old.kli-ks.org\/en\/media\/\" \/>\n<meta property=\"og:site_name\" content=\"IKD\" \/>\n<meta property=\"article:modified_time\" content=\"2018-10-03T15:14:44+00:00\" \/>\n<meta name=\"twitter:card\" content=\"summary_large_image\" \/>\n<meta name=\"twitter:label1\" content=\"Est. reading time\" \/>\n\t<meta name=\"twitter:data1\" content=\"2 minutes\" \/>\n<script type=\"application\/ld+json\" class=\"yoast-schema-graph\">{\"@context\":\"https:\/\/schema.org\",\"@graph\":[{\"@type\":\"WebPage\",\"@id\":\"https:\/\/old.kli-ks.org\/en\/media\/\",\"url\":\"https:\/\/old.kli-ks.org\/en\/media\/\",\"name\":\"Media - IKD\",\"isPartOf\":{\"@id\":\"https:\/\/old.kli-ks.org\/#website\"},\"datePublished\":\"2018-06-14T09:22:32+00:00\",\"dateModified\":\"2018-10-03T15:14:44+00:00\",\"breadcrumb\":{\"@id\":\"https:\/\/old.kli-ks.org\/en\/media\/#breadcrumb\"},\"inLanguage\":\"en-US\",\"potentialAction\":[{\"@type\":\"ReadAction\",\"target\":[\"https:\/\/old.kli-ks.org\/en\/media\/\"]}]},{\"@type\":\"BreadcrumbList\",\"@id\":\"https:\/\/old.kli-ks.org\/en\/media\/#breadcrumb\",\"itemListElement\":[{\"@type\":\"ListItem\",\"position\":1,\"name\":\"Home\",\"item\":\"https:\/\/old.kli-ks.org\/en\/\"},{\"@type\":\"ListItem\",\"position\":2,\"name\":\"Media\"}]},{\"@type\":\"WebSite\",\"@id\":\"https:\/\/old.kli-ks.org\/#website\",\"url\":\"https:\/\/old.kli-ks.org\/\",\"name\":\"IKD\",\"description\":\"Instituti i Kosov\u00ebs p\u00ebr Drejt\u00ebsi\",\"publisher\":{\"@id\":\"https:\/\/old.kli-ks.org\/#organization\"},\"potentialAction\":[{\"@type\":\"SearchAction\",\"target\":{\"@type\":\"EntryPoint\",\"urlTemplate\":\"https:\/\/old.kli-ks.org\/?s={search_term_string}\"},\"query-input\":{\"@type\":\"PropertyValueSpecification\",\"valueRequired\":true,\"valueName\":\"search_term_string\"}}],\"inLanguage\":\"en-US\"},{\"@type\":\"Organization\",\"@id\":\"https:\/\/old.kli-ks.org\/#organization\",\"name\":\"Instituti i Kosov\u00ebs p\u00ebr Drejt\u00ebsi\",\"url\":\"https:\/\/old.kli-ks.org\/\",\"logo\":{\"@type\":\"ImageObject\",\"inLanguage\":\"en-US\",\"@id\":\"https:\/\/old.kli-ks.org\/#\/schema\/logo\/image\/\",\"url\":\"https:\/\/old.kli-ks.org\/wp-content\/uploads\/2014\/05\/LOGO-INSTITUTI-JPG.jpg\",\"contentUrl\":\"https:\/\/old.kli-ks.org\/wp-content\/uploads\/2014\/05\/LOGO-INSTITUTI-JPG.jpg\",\"width\":883,\"height\":242,\"caption\":\"Instituti i Kosov\u00ebs p\u00ebr Drejt\u00ebsi\"},\"image\":{\"@id\":\"https:\/\/old.kli-ks.org\/#\/schema\/logo\/image\/\"}}]}<\/script>\n<!-- \/ Yoast SEO plugin. -->","yoast_head_json":{"title":"Media - IKD","robots":{"index":"index","follow":"follow","max-snippet":"max-snippet:-1","max-image-preview":"max-image-preview:large","max-video-preview":"max-video-preview:-1"},"canonical":"https:\/\/old.kli-ks.org\/en\/media\/","og_locale":"en_US","og_type":"article","og_title":"Media - IKD","og_url":"https:\/\/old.kli-ks.org\/en\/media\/","og_site_name":"IKD","article_modified_time":"2018-10-03T15:14:44+00:00","twitter_card":"summary_large_image","twitter_misc":{"Est. reading time":"2 minutes"},"schema":{"@context":"https:\/\/schema.org","@graph":[{"@type":"WebPage","@id":"https:\/\/old.kli-ks.org\/en\/media\/","url":"https:\/\/old.kli-ks.org\/en\/media\/","name":"Media - IKD","isPartOf":{"@id":"https:\/\/old.kli-ks.org\/#website"},"datePublished":"2018-06-14T09:22:32+00:00","dateModified":"2018-10-03T15:14:44+00:00","breadcrumb":{"@id":"https:\/\/old.kli-ks.org\/en\/media\/#breadcrumb"},"inLanguage":"en-US","potentialAction":[{"@type":"ReadAction","target":["https:\/\/old.kli-ks.org\/en\/media\/"]}]},{"@type":"BreadcrumbList","@id":"https:\/\/old.kli-ks.org\/en\/media\/#breadcrumb","itemListElement":[{"@type":"ListItem","position":1,"name":"Home","item":"https:\/\/old.kli-ks.org\/en\/"},{"@type":"ListItem","position":2,"name":"Media"}]},{"@type":"WebSite","@id":"https:\/\/old.kli-ks.org\/#website","url":"https:\/\/old.kli-ks.org\/","name":"IKD","description":"Instituti i Kosov\u00ebs p\u00ebr Drejt\u00ebsi","publisher":{"@id":"https:\/\/old.kli-ks.org\/#organization"},"potentialAction":[{"@type":"SearchAction","target":{"@type":"EntryPoint","urlTemplate":"https:\/\/old.kli-ks.org\/?s={search_term_string}"},"query-input":{"@type":"PropertyValueSpecification","valueRequired":true,"valueName":"search_term_string"}}],"inLanguage":"en-US"},{"@type":"Organization","@id":"https:\/\/old.kli-ks.org\/#organization","name":"Instituti i Kosov\u00ebs p\u00ebr Drejt\u00ebsi","url":"https:\/\/old.kli-ks.org\/","logo":{"@type":"ImageObject","inLanguage":"en-US","@id":"https:\/\/old.kli-ks.org\/#\/schema\/logo\/image\/","url":"https:\/\/old.kli-ks.org\/wp-content\/uploads\/2014\/05\/LOGO-INSTITUTI-JPG.jpg","contentUrl":"https:\/\/old.kli-ks.org\/wp-content\/uploads\/2014\/05\/LOGO-INSTITUTI-JPG.jpg","width":883,"height":242,"caption":"Instituti i Kosov\u00ebs p\u00ebr Drejt\u00ebsi"},"image":{"@id":"https:\/\/old.kli-ks.org\/#\/schema\/logo\/image\/"}}]}},"_links":{"self":[{"href":"https:\/\/old.kli-ks.org\/en\/wp-json\/wp\/v2\/pages\/15929","targetHints":{"allow":["GET"]}}],"collection":[{"href":"https:\/\/old.kli-ks.org\/en\/wp-json\/wp\/v2\/pages"}],"about":[{"href":"https:\/\/old.kli-ks.org\/en\/wp-json\/wp\/v2\/types\/page"}],"author":[{"embeddable":true,"href":"https:\/\/old.kli-ks.org\/en\/wp-json\/wp\/v2\/users\/2"}],"replies":[{"embeddable":true,"href":"https:\/\/old.kli-ks.org\/en\/wp-json\/wp\/v2\/comments?post=15929"}],"version-history":[{"count":3,"href":"https:\/\/old.kli-ks.org\/en\/wp-json\/wp\/v2\/pages\/15929\/revisions"}],"predecessor-version":[{"id":16224,"href":"https:\/\/old.kli-ks.org\/en\/wp-json\/wp\/v2\/pages\/15929\/revisions\/16224"}],"wp:attachment":[{"href":"https:\/\/old.kli-ks.org\/en\/wp-json\/wp\/v2\/media?parent=15929"}],"curies":[{"name":"wp","href":"https:\/\/api.w.org\/{rel}","templated":true}]}}