{"id":15927,"date":"2018-06-14T09:21:02","date_gmt":"2018-06-14T09:21:02","guid":{"rendered":"https:\/\/old.kli-ks.org\/antikorrupsioni-2\/"},"modified":"2018-10-03T15:05:10","modified_gmt":"2018-10-03T15:05:10","slug":"anticorruption","status":"publish","type":"page","link":"https:\/\/old.kli-ks.org\/en\/anticorruption\/","title":{"rendered":"Anticorruption"},"content":{"rendered":"<div id=\"cmsmasters_row_1tm5szxtn\" class=\"cmsmasters_row cmsmasters_color_scheme_default cmsmasters_row_top_default cmsmasters_row_bot_default cmsmasters_row_boxed\">\n<div class=\"cmsmasters_row_outer_parent\">\n<div class=\"cmsmasters_row_outer\">\n<div class=\"cmsmasters_row_inner\">\n<div class=\"cmsmasters_row_margin\">\n<div class=\"cmsmasters_column one_first\">\n<div id=\"cmsmasters_divider_giwc799t5\" class=\"cl\"><\/div>\n<\/div>\n<\/div>\n<\/div>\n<\/div>\n<\/div>\n<\/div>\n<div id=\"cmsmasters_row_gzayhsnq3u\" class=\"cmsmasters_row cmsmasters_color_scheme_default cmsmasters_row_top_default cmsmasters_row_bot_default cmsmasters_row_boxed\">\n<div class=\"cmsmasters_row_outer_parent\">\n<div class=\"cmsmasters_row_outer\">\n<div class=\"cmsmasters_row_inner\">\n<div class=\"cmsmasters_row_margin\">\n<div class=\"cmsmasters_column one_first\">\n<div class=\"aligncenter\"><div class=\"cmsmasters_img  cmsmasters_image_c program_image\"><a href=\"https:\/\/old.kli-ks.org\/new\/wp-content\/uploads\/2018\/06\/AntiKorrupsioni.png\"><img decoding=\"async\" src=\"https:\/\/old.kli-ks.org\/wp-content\/uploads\/2018\/06\/AntiKorrupsioni-300x300.png\" \/><\/a><\/div><\/div>\n<\/div>\n<\/div>\n<\/div>\n<\/div>\n<\/div>\n<\/div>\n<div id=\"cmsmasters_row_8fq41k7lz6\" class=\"cmsmasters_row cmsmasters_color_scheme_default cmsmasters_row_top_default cmsmasters_row_bot_default cmsmasters_row_boxed\">\n<div class=\"cmsmasters_row_outer_parent\">\n<div class=\"cmsmasters_row_outer\">\n<div class=\"cmsmasters_row_inner\">\n<div class=\"cmsmasters_row_margin\">\n<div class=\"cmsmasters_column one_first\">\n<div class=\"cmsmasters_text\">\n<h3 style=\"text-align: center;\">Anticorruption is a designed program to put in function the KLI capacities to resolve one of the keys problems in Kosovo, and, consequently incorporates activities that create synergy with the rule of law program. Our work focuses on strengthening the judicial and prosecutorial system through monitoring and reviewing the proceeding of corruption cases and the implementation of laws, policies and strategies in the fight against corruption.<\/h3>\n<\/div>\n<\/div>\n<\/div>\n<\/div>\n<\/div>\n<\/div>\n<\/div>\n<div id=\"cmsmasters_row_xllr564gtl\" class=\"cmsmasters_row cmsmasters_color_scheme_default cmsmasters_row_top_default cmsmasters_row_bot_default cmsmasters_row_boxed\">\n<div class=\"cmsmasters_row_outer_parent\">\n<div class=\"cmsmasters_row_outer\">\n<div class=\"cmsmasters_row_inner\">\n<div class=\"cmsmasters_row_margin\">\n<div class=\"cmsmasters_column one_first\">\n<div id=\"cmsmasters_divider_mz6xhfqdgu\" class=\"cl\"><\/div>\n<\/div>\n<\/div>\n<\/div>\n<\/div>\n<\/div>\n<\/div>\n<div id=\"cmsmasters_row_wol8zx5jwn\" class=\"cmsmasters_row cmsmasters_color_scheme_default custom_cat_holder cmsmasters_row_top_default cmsmasters_row_bot_default cmsmasters_row_boxed\">\n<div class=\"cmsmasters_row_outer_parent\">\n<div class=\"cmsmasters_row_outer\">\n<div class=\"cmsmasters_row_inner\">\n<div class=\"cmsmasters_row_margin\">\n<div class=\"cmsmasters_column one_first\">\n<div id=\"cmsmasters_heading_5q2fpbsauh\" class=\"cmsmasters_heading_wrap cmsmasters_heading_align_left\">\n\t<h1 class=\"cmsmasters_heading\">Activities<\/h1>\n<\/div><div class=\"cmsmasters_text\">\n<p>[theme_grid_items posts_per_page=3 category=154 has_excerpt=true is_category=true is_sub_page=true]<\/p>\n<\/div>\n<\/div>\n<\/div>\n<\/div>\n<\/div>\n<\/div>\n<\/div>\n<div id=\"cmsmasters_row_gtkqm3btca\" class=\"cmsmasters_row cmsmasters_color_scheme_default custom_cat_holder cmsmasters_row_top_default cmsmasters_row_bot_default cmsmasters_row_boxed\">\n<div class=\"cmsmasters_row_outer_parent\">\n<div class=\"cmsmasters_row_outer\">\n<div class=\"cmsmasters_row_inner\">\n<div class=\"cmsmasters_row_margin\">\n<div class=\"cmsmasters_column one_first\">\n<div id=\"cmsmasters_heading_9gmy795sph\" class=\"cmsmasters_heading_wrap cmsmasters_heading_align_left\">\n\t<h1 class=\"cmsmasters_heading\">Publications<\/h1>\n<\/div><div class=\"cmsmasters_text\">\n<p>[theme_grid_items posts_per_page=3 category=160 has_excerpt=true is_category=true is_sub_page=true]<\/p>\n<\/div>\n<\/div>\n<\/div>\n<\/div>\n<\/div>\n<\/div>\n<\/div>\n\n","protected":false},"excerpt":{"rendered":"","protected":false},"author":2,"featured_media":0,"parent":0,"menu_order":0,"comment_status":"closed","ping_status":"closed","template":"","meta":{"footnotes":""},"class_list":["post-15927","page","type-page","status-publish","hentry"],"yoast_head":"<!-- This site is optimized with the Yoast SEO plugin v26.4 - https:\/\/yoast.com\/wordpress\/plugins\/seo\/ -->\n<title>Anticorruption - IKD<\/title>\n<meta name=\"robots\" content=\"index, follow, max-snippet:-1, max-image-preview:large, max-video-preview:-1\" \/>\n<link rel=\"canonical\" href=\"https:\/\/old.kli-ks.org\/en\/anticorruption\/\" \/>\n<meta property=\"og:locale\" content=\"en_US\" \/>\n<meta property=\"og:type\" content=\"article\" \/>\n<meta property=\"og:title\" content=\"Anticorruption - IKD\" \/>\n<meta property=\"og:url\" content=\"https:\/\/old.kli-ks.org\/en\/anticorruption\/\" \/>\n<meta property=\"og:site_name\" content=\"IKD\" \/>\n<meta property=\"article:modified_time\" content=\"2018-10-03T15:05:10+00:00\" \/>\n<meta name=\"twitter:card\" content=\"summary_large_image\" \/>\n<meta name=\"twitter:label1\" content=\"Est. reading time\" \/>\n\t<meta name=\"twitter:data1\" content=\"3 minutes\" \/>\n<script type=\"application\/ld+json\" class=\"yoast-schema-graph\">{\"@context\":\"https:\/\/schema.org\",\"@graph\":[{\"@type\":\"WebPage\",\"@id\":\"https:\/\/old.kli-ks.org\/en\/anticorruption\/\",\"url\":\"https:\/\/old.kli-ks.org\/en\/anticorruption\/\",\"name\":\"Anticorruption - IKD\",\"isPartOf\":{\"@id\":\"https:\/\/old.kli-ks.org\/#website\"},\"datePublished\":\"2018-06-14T09:21:02+00:00\",\"dateModified\":\"2018-10-03T15:05:10+00:00\",\"breadcrumb\":{\"@id\":\"https:\/\/old.kli-ks.org\/en\/anticorruption\/#breadcrumb\"},\"inLanguage\":\"en-US\",\"potentialAction\":[{\"@type\":\"ReadAction\",\"target\":[\"https:\/\/old.kli-ks.org\/en\/anticorruption\/\"]}]},{\"@type\":\"BreadcrumbList\",\"@id\":\"https:\/\/old.kli-ks.org\/en\/anticorruption\/#breadcrumb\",\"itemListElement\":[{\"@type\":\"ListItem\",\"position\":1,\"name\":\"Home\",\"item\":\"https:\/\/old.kli-ks.org\/en\/\"},{\"@type\":\"ListItem\",\"position\":2,\"name\":\"Anticorruption\"}]},{\"@type\":\"WebSite\",\"@id\":\"https:\/\/old.kli-ks.org\/#website\",\"url\":\"https:\/\/old.kli-ks.org\/\",\"name\":\"IKD\",\"description\":\"Instituti i Kosov\u00ebs p\u00ebr Drejt\u00ebsi\",\"publisher\":{\"@id\":\"https:\/\/old.kli-ks.org\/#organization\"},\"potentialAction\":[{\"@type\":\"SearchAction\",\"target\":{\"@type\":\"EntryPoint\",\"urlTemplate\":\"https:\/\/old.kli-ks.org\/?s={search_term_string}\"},\"query-input\":{\"@type\":\"PropertyValueSpecification\",\"valueRequired\":true,\"valueName\":\"search_term_string\"}}],\"inLanguage\":\"en-US\"},{\"@type\":\"Organization\",\"@id\":\"https:\/\/old.kli-ks.org\/#organization\",\"name\":\"Instituti i Kosov\u00ebs p\u00ebr Drejt\u00ebsi\",\"url\":\"https:\/\/old.kli-ks.org\/\",\"logo\":{\"@type\":\"ImageObject\",\"inLanguage\":\"en-US\",\"@id\":\"https:\/\/old.kli-ks.org\/#\/schema\/logo\/image\/\",\"url\":\"https:\/\/old.kli-ks.org\/wp-content\/uploads\/2014\/05\/LOGO-INSTITUTI-JPG.jpg\",\"contentUrl\":\"https:\/\/old.kli-ks.org\/wp-content\/uploads\/2014\/05\/LOGO-INSTITUTI-JPG.jpg\",\"width\":883,\"height\":242,\"caption\":\"Instituti i Kosov\u00ebs p\u00ebr Drejt\u00ebsi\"},\"image\":{\"@id\":\"https:\/\/old.kli-ks.org\/#\/schema\/logo\/image\/\"}}]}<\/script>\n<!-- \/ Yoast SEO plugin. -->","yoast_head_json":{"title":"Anticorruption - IKD","robots":{"index":"index","follow":"follow","max-snippet":"max-snippet:-1","max-image-preview":"max-image-preview:large","max-video-preview":"max-video-preview:-1"},"canonical":"https:\/\/old.kli-ks.org\/en\/anticorruption\/","og_locale":"en_US","og_type":"article","og_title":"Anticorruption - IKD","og_url":"https:\/\/old.kli-ks.org\/en\/anticorruption\/","og_site_name":"IKD","article_modified_time":"2018-10-03T15:05:10+00:00","twitter_card":"summary_large_image","twitter_misc":{"Est. reading time":"3 minutes"},"schema":{"@context":"https:\/\/schema.org","@graph":[{"@type":"WebPage","@id":"https:\/\/old.kli-ks.org\/en\/anticorruption\/","url":"https:\/\/old.kli-ks.org\/en\/anticorruption\/","name":"Anticorruption - IKD","isPartOf":{"@id":"https:\/\/old.kli-ks.org\/#website"},"datePublished":"2018-06-14T09:21:02+00:00","dateModified":"2018-10-03T15:05:10+00:00","breadcrumb":{"@id":"https:\/\/old.kli-ks.org\/en\/anticorruption\/#breadcrumb"},"inLanguage":"en-US","potentialAction":[{"@type":"ReadAction","target":["https:\/\/old.kli-ks.org\/en\/anticorruption\/"]}]},{"@type":"BreadcrumbList","@id":"https:\/\/old.kli-ks.org\/en\/anticorruption\/#breadcrumb","itemListElement":[{"@type":"ListItem","position":1,"name":"Home","item":"https:\/\/old.kli-ks.org\/en\/"},{"@type":"ListItem","position":2,"name":"Anticorruption"}]},{"@type":"WebSite","@id":"https:\/\/old.kli-ks.org\/#website","url":"https:\/\/old.kli-ks.org\/","name":"IKD","description":"Instituti i Kosov\u00ebs p\u00ebr Drejt\u00ebsi","publisher":{"@id":"https:\/\/old.kli-ks.org\/#organization"},"potentialAction":[{"@type":"SearchAction","target":{"@type":"EntryPoint","urlTemplate":"https:\/\/old.kli-ks.org\/?s={search_term_string}"},"query-input":{"@type":"PropertyValueSpecification","valueRequired":true,"valueName":"search_term_string"}}],"inLanguage":"en-US"},{"@type":"Organization","@id":"https:\/\/old.kli-ks.org\/#organization","name":"Instituti i Kosov\u00ebs p\u00ebr Drejt\u00ebsi","url":"https:\/\/old.kli-ks.org\/","logo":{"@type":"ImageObject","inLanguage":"en-US","@id":"https:\/\/old.kli-ks.org\/#\/schema\/logo\/image\/","url":"https:\/\/old.kli-ks.org\/wp-content\/uploads\/2014\/05\/LOGO-INSTITUTI-JPG.jpg","contentUrl":"https:\/\/old.kli-ks.org\/wp-content\/uploads\/2014\/05\/LOGO-INSTITUTI-JPG.jpg","width":883,"height":242,"caption":"Instituti i Kosov\u00ebs p\u00ebr Drejt\u00ebsi"},"image":{"@id":"https:\/\/old.kli-ks.org\/#\/schema\/logo\/image\/"}}]}},"_links":{"self":[{"href":"https:\/\/old.kli-ks.org\/en\/wp-json\/wp\/v2\/pages\/15927","targetHints":{"allow":["GET"]}}],"collection":[{"href":"https:\/\/old.kli-ks.org\/en\/wp-json\/wp\/v2\/pages"}],"about":[{"href":"https:\/\/old.kli-ks.org\/en\/wp-json\/wp\/v2\/types\/page"}],"author":[{"embeddable":true,"href":"https:\/\/old.kli-ks.org\/en\/wp-json\/wp\/v2\/users\/2"}],"replies":[{"embeddable":true,"href":"https:\/\/old.kli-ks.org\/en\/wp-json\/wp\/v2\/comments?post=15927"}],"version-history":[{"count":4,"href":"https:\/\/old.kli-ks.org\/en\/wp-json\/wp\/v2\/pages\/15927\/revisions"}],"predecessor-version":[{"id":16216,"href":"https:\/\/old.kli-ks.org\/en\/wp-json\/wp\/v2\/pages\/15927\/revisions\/16216"}],"wp:attachment":[{"href":"https:\/\/old.kli-ks.org\/en\/wp-json\/wp\/v2\/media?parent=15927"}],"curies":[{"name":"wp","href":"https:\/\/api.w.org\/{rel}","templated":true}]}}