{"id":15916,"date":"2018-06-14T09:21:31","date_gmt":"2018-06-14T09:21:31","guid":{"rendered":"https:\/\/old.kli-ks.org\/drejtesia-ne-zgjedhje\/"},"modified":"2018-10-03T15:10:31","modified_gmt":"2018-10-03T15:10:31","slug":"justice-in-elections","status":"publish","type":"page","link":"https:\/\/old.kli-ks.org\/en\/justice-in-elections\/","title":{"rendered":"Justice in elections"},"content":{"rendered":"<div id=\"cmsmasters_row_noycjndtxa\" class=\"cmsmasters_row cmsmasters_color_scheme_default cmsmasters_row_top_default cmsmasters_row_bot_default cmsmasters_row_boxed\">\n<div class=\"cmsmasters_row_outer_parent\">\n<div class=\"cmsmasters_row_overlay\"><\/div>\n<div class=\"cmsmasters_row_outer\">\n<div class=\"cmsmasters_row_inner\">\n<div class=\"cmsmasters_row_margin\">\n<div class=\"cmsmasters_column one_first\">\n<div id=\"cmsmasters_divider_q27qp4tjpx\" class=\"cl\"><\/div>\n<\/div>\n<\/div>\n<\/div>\n<\/div>\n<\/div>\n<\/div>\n<div id=\"cmsmasters_row_wz1sqv8u9\" class=\"cmsmasters_row cmsmasters_color_scheme_default cmsmasters_row_top_default cmsmasters_row_bot_default cmsmasters_row_boxed\">\n<div class=\"cmsmasters_row_outer_parent\">\n<div class=\"cmsmasters_row_outer\">\n<div class=\"cmsmasters_row_inner\">\n<div class=\"cmsmasters_row_margin\">\n<div class=\"cmsmasters_column one_first\">\n<div class=\"aligncenter\"><div class=\"cmsmasters_img  cmsmasters_image_c program_image\"><img decoding=\"async\" src=\"https:\/\/old.kli-ks.org\/wp-content\/uploads\/2018\/06\/Drejtesia-ne-Zgjedhje-300x300.png\" \/><\/div><\/div><div class=\"cmsmasters_text cmsmasters_row_8fq41k7lz6\">\n<h3>Justice in elections is a special program of the KLI, through which we want to advance the right about electoral process as one of the foundations of democracy. Whilst the activities in this program are periodic, the institute continuously follows the advancement of the legal basis for its election and implementation, as well as monitors the proceedings of election crime cases by prosecutions and courts.<\/h3>\n<\/div>\n<\/div>\n<\/div>\n<\/div>\n<\/div>\n<\/div>\n<\/div>\n<div id=\"cmsmasters_row_omms4pvtj\" class=\"cmsmasters_row cmsmasters_color_scheme_default cmsmasters_row_top_default cmsmasters_row_bot_default cmsmasters_row_boxed\">\n<div class=\"cmsmasters_row_outer_parent\">\n<div class=\"cmsmasters_row_overlay\"><\/div>\n<div class=\"cmsmasters_row_outer\">\n<div class=\"cmsmasters_row_inner\">\n<div class=\"cmsmasters_row_margin\">\n<div class=\"cmsmasters_column one_first\">\n<div id=\"cmsmasters_divider_yhxk3owuqj\" class=\"cl\"><\/div>\n<\/div>\n<\/div>\n<\/div>\n<\/div>\n<\/div>\n<\/div>\n<div id=\"cmsmasters_row_iid9uj6ejb\" class=\"cmsmasters_row cmsmasters_color_scheme_default cmsmasters_row_top_default cmsmasters_row_bot_default cmsmasters_row_boxed\">\n<div class=\"cmsmasters_row_outer_parent\">\n<div class=\"cmsmasters_row_outer\">\n<div class=\"cmsmasters_row_inner\">\n<div class=\"cmsmasters_row_margin\">\n<div class=\"cmsmasters_column one_first\">\n<div id=\"cmsmasters_heading_ahrwjpe7m\" class=\"cmsmasters_heading_wrap cmsmasters_heading_align_left\">\n\t<h1 class=\"cmsmasters_heading\">Activities<\/h1>\n<\/div><div class=\"cmsmasters_text\">\n<p>[theme_grid_items posts_per_page=3 category=156 has_excerpt=true is_category=true is_sub_page=true]<\/p>\n<\/div>\n<\/div>\n<\/div>\n<\/div>\n<\/div>\n<\/div>\n<\/div>\n<div id=\"cmsmasters_row_np5b5498j2\" class=\"cmsmasters_row cmsmasters_color_scheme_default cmsmasters_row_top_default cmsmasters_row_bot_default cmsmasters_row_boxed\">\n<div class=\"cmsmasters_row_outer_parent\">\n<div class=\"cmsmasters_row_outer\">\n<div class=\"cmsmasters_row_inner\">\n<div class=\"cmsmasters_row_margin\">\n<div class=\"cmsmasters_column one_first\">\n<div id=\"cmsmasters_heading_vpyngmyag\" class=\"cmsmasters_heading_wrap cmsmasters_heading_align_left\">\n\t<h1 class=\"cmsmasters_heading\">Publications<\/h1>\n<\/div><div class=\"cmsmasters_text\">\n<p>[theme_grid_items posts_per_page=3 category=161 has_excerpt=true is_category=true is_sub_page=true]<\/p>\n<\/div>\n<\/div>\n<\/div>\n<\/div>\n<\/div>\n<\/div>\n<\/div>\n\n","protected":false},"excerpt":{"rendered":"","protected":false},"author":2,"featured_media":0,"parent":0,"menu_order":0,"comment_status":"closed","ping_status":"closed","template":"","meta":{"footnotes":""},"class_list":["post-15916","page","type-page","status-publish","hentry"],"yoast_head":"<!-- This site is optimized with the Yoast SEO plugin v26.4 - https:\/\/yoast.com\/wordpress\/plugins\/seo\/ -->\n<title>Justice in elections - IKD<\/title>\n<meta name=\"robots\" content=\"index, follow, max-snippet:-1, max-image-preview:large, max-video-preview:-1\" \/>\n<link rel=\"canonical\" href=\"https:\/\/old.kli-ks.org\/en\/justice-in-elections\/\" \/>\n<meta property=\"og:locale\" content=\"en_US\" \/>\n<meta property=\"og:type\" content=\"article\" \/>\n<meta property=\"og:title\" content=\"Justice in elections - IKD\" \/>\n<meta property=\"og:url\" content=\"https:\/\/old.kli-ks.org\/en\/justice-in-elections\/\" \/>\n<meta property=\"og:site_name\" content=\"IKD\" \/>\n<meta property=\"article:modified_time\" content=\"2018-10-03T15:10:31+00:00\" \/>\n<meta name=\"twitter:card\" content=\"summary_large_image\" \/>\n<meta name=\"twitter:label1\" content=\"Est. reading time\" \/>\n\t<meta name=\"twitter:data1\" content=\"2 minutes\" \/>\n<script type=\"application\/ld+json\" class=\"yoast-schema-graph\">{\"@context\":\"https:\/\/schema.org\",\"@graph\":[{\"@type\":\"WebPage\",\"@id\":\"https:\/\/old.kli-ks.org\/en\/justice-in-elections\/\",\"url\":\"https:\/\/old.kli-ks.org\/en\/justice-in-elections\/\",\"name\":\"Justice in elections - IKD\",\"isPartOf\":{\"@id\":\"https:\/\/old.kli-ks.org\/#website\"},\"datePublished\":\"2018-06-14T09:21:31+00:00\",\"dateModified\":\"2018-10-03T15:10:31+00:00\",\"breadcrumb\":{\"@id\":\"https:\/\/old.kli-ks.org\/en\/justice-in-elections\/#breadcrumb\"},\"inLanguage\":\"en-US\",\"potentialAction\":[{\"@type\":\"ReadAction\",\"target\":[\"https:\/\/old.kli-ks.org\/en\/justice-in-elections\/\"]}]},{\"@type\":\"BreadcrumbList\",\"@id\":\"https:\/\/old.kli-ks.org\/en\/justice-in-elections\/#breadcrumb\",\"itemListElement\":[{\"@type\":\"ListItem\",\"position\":1,\"name\":\"Home\",\"item\":\"https:\/\/old.kli-ks.org\/en\/\"},{\"@type\":\"ListItem\",\"position\":2,\"name\":\"Justice in elections\"}]},{\"@type\":\"WebSite\",\"@id\":\"https:\/\/old.kli-ks.org\/#website\",\"url\":\"https:\/\/old.kli-ks.org\/\",\"name\":\"IKD\",\"description\":\"Instituti i Kosov\u00ebs p\u00ebr Drejt\u00ebsi\",\"publisher\":{\"@id\":\"https:\/\/old.kli-ks.org\/#organization\"},\"potentialAction\":[{\"@type\":\"SearchAction\",\"target\":{\"@type\":\"EntryPoint\",\"urlTemplate\":\"https:\/\/old.kli-ks.org\/?s={search_term_string}\"},\"query-input\":{\"@type\":\"PropertyValueSpecification\",\"valueRequired\":true,\"valueName\":\"search_term_string\"}}],\"inLanguage\":\"en-US\"},{\"@type\":\"Organization\",\"@id\":\"https:\/\/old.kli-ks.org\/#organization\",\"name\":\"Instituti i Kosov\u00ebs p\u00ebr Drejt\u00ebsi\",\"url\":\"https:\/\/old.kli-ks.org\/\",\"logo\":{\"@type\":\"ImageObject\",\"inLanguage\":\"en-US\",\"@id\":\"https:\/\/old.kli-ks.org\/#\/schema\/logo\/image\/\",\"url\":\"https:\/\/old.kli-ks.org\/wp-content\/uploads\/2014\/05\/LOGO-INSTITUTI-JPG.jpg\",\"contentUrl\":\"https:\/\/old.kli-ks.org\/wp-content\/uploads\/2014\/05\/LOGO-INSTITUTI-JPG.jpg\",\"width\":883,\"height\":242,\"caption\":\"Instituti i Kosov\u00ebs p\u00ebr Drejt\u00ebsi\"},\"image\":{\"@id\":\"https:\/\/old.kli-ks.org\/#\/schema\/logo\/image\/\"}}]}<\/script>\n<!-- \/ Yoast SEO plugin. -->","yoast_head_json":{"title":"Justice in elections - IKD","robots":{"index":"index","follow":"follow","max-snippet":"max-snippet:-1","max-image-preview":"max-image-preview:large","max-video-preview":"max-video-preview:-1"},"canonical":"https:\/\/old.kli-ks.org\/en\/justice-in-elections\/","og_locale":"en_US","og_type":"article","og_title":"Justice in elections - IKD","og_url":"https:\/\/old.kli-ks.org\/en\/justice-in-elections\/","og_site_name":"IKD","article_modified_time":"2018-10-03T15:10:31+00:00","twitter_card":"summary_large_image","twitter_misc":{"Est. reading time":"2 minutes"},"schema":{"@context":"https:\/\/schema.org","@graph":[{"@type":"WebPage","@id":"https:\/\/old.kli-ks.org\/en\/justice-in-elections\/","url":"https:\/\/old.kli-ks.org\/en\/justice-in-elections\/","name":"Justice in elections - IKD","isPartOf":{"@id":"https:\/\/old.kli-ks.org\/#website"},"datePublished":"2018-06-14T09:21:31+00:00","dateModified":"2018-10-03T15:10:31+00:00","breadcrumb":{"@id":"https:\/\/old.kli-ks.org\/en\/justice-in-elections\/#breadcrumb"},"inLanguage":"en-US","potentialAction":[{"@type":"ReadAction","target":["https:\/\/old.kli-ks.org\/en\/justice-in-elections\/"]}]},{"@type":"BreadcrumbList","@id":"https:\/\/old.kli-ks.org\/en\/justice-in-elections\/#breadcrumb","itemListElement":[{"@type":"ListItem","position":1,"name":"Home","item":"https:\/\/old.kli-ks.org\/en\/"},{"@type":"ListItem","position":2,"name":"Justice in elections"}]},{"@type":"WebSite","@id":"https:\/\/old.kli-ks.org\/#website","url":"https:\/\/old.kli-ks.org\/","name":"IKD","description":"Instituti i Kosov\u00ebs p\u00ebr Drejt\u00ebsi","publisher":{"@id":"https:\/\/old.kli-ks.org\/#organization"},"potentialAction":[{"@type":"SearchAction","target":{"@type":"EntryPoint","urlTemplate":"https:\/\/old.kli-ks.org\/?s={search_term_string}"},"query-input":{"@type":"PropertyValueSpecification","valueRequired":true,"valueName":"search_term_string"}}],"inLanguage":"en-US"},{"@type":"Organization","@id":"https:\/\/old.kli-ks.org\/#organization","name":"Instituti i Kosov\u00ebs p\u00ebr Drejt\u00ebsi","url":"https:\/\/old.kli-ks.org\/","logo":{"@type":"ImageObject","inLanguage":"en-US","@id":"https:\/\/old.kli-ks.org\/#\/schema\/logo\/image\/","url":"https:\/\/old.kli-ks.org\/wp-content\/uploads\/2014\/05\/LOGO-INSTITUTI-JPG.jpg","contentUrl":"https:\/\/old.kli-ks.org\/wp-content\/uploads\/2014\/05\/LOGO-INSTITUTI-JPG.jpg","width":883,"height":242,"caption":"Instituti i Kosov\u00ebs p\u00ebr Drejt\u00ebsi"},"image":{"@id":"https:\/\/old.kli-ks.org\/#\/schema\/logo\/image\/"}}]}},"_links":{"self":[{"href":"https:\/\/old.kli-ks.org\/en\/wp-json\/wp\/v2\/pages\/15916","targetHints":{"allow":["GET"]}}],"collection":[{"href":"https:\/\/old.kli-ks.org\/en\/wp-json\/wp\/v2\/pages"}],"about":[{"href":"https:\/\/old.kli-ks.org\/en\/wp-json\/wp\/v2\/types\/page"}],"author":[{"embeddable":true,"href":"https:\/\/old.kli-ks.org\/en\/wp-json\/wp\/v2\/users\/2"}],"replies":[{"embeddable":true,"href":"https:\/\/old.kli-ks.org\/en\/wp-json\/wp\/v2\/comments?post=15916"}],"version-history":[{"count":5,"href":"https:\/\/old.kli-ks.org\/en\/wp-json\/wp\/v2\/pages\/15916\/revisions"}],"predecessor-version":[{"id":16219,"href":"https:\/\/old.kli-ks.org\/en\/wp-json\/wp\/v2\/pages\/15916\/revisions\/16219"}],"wp:attachment":[{"href":"https:\/\/old.kli-ks.org\/en\/wp-json\/wp\/v2\/media?parent=15916"}],"curies":[{"name":"wp","href":"https:\/\/api.w.org\/{rel}","templated":true}]}}