{"id":14162,"date":"2015-11-18T08:37:53","date_gmt":"2015-11-18T08:37:53","guid":{"rendered":"https:\/\/old.kli-ks.org\/new\/home-store\/"},"modified":"2019-05-07T01:37:59","modified_gmt":"2019-05-07T01:37:59","slug":"home-store","status":"publish","type":"page","link":"https:\/\/old.kli-ks.org\/en\/","title":{"rendered":"Home"},"content":{"rendered":"<div id=\"cmsmasters_row_4zueobvzak\" class=\"cmsmasters_row cmsmasters_color_scheme_default cmsmasters_row_top_default cmsmasters_row_bot_default cmsmasters_row_fullwidth\">\n<div class=\"cmsmasters_row_outer_parent\">\n<div class=\"cmsmasters_row_outer\">\n<div class=\"cmsmasters_row_inner cmsmasters_row_fullwidth\">\n<div class=\"cmsmasters_row_margin\">\n<div class=\"cmsmasters_column one_first\">\n<div class=\"cmsmasters_text\">\n<p>[custom_slider category=2 posts_per_page=5 slider_id=1]<\/p>\n<\/div>\n<\/div>\n<\/div>\n<\/div>\n<\/div>\n<\/div>\n<\/div>\n<div id=\"cmsmasters_row_679kbkc5r7\" class=\"cmsmasters_row cmsmasters_color_scheme_default program_boxes first_boxes cmsmasters_row_top_default cmsmasters_row_bot_default cmsmasters_row_boxed\">\n<div class=\"cmsmasters_row_outer_parent\">\n<div class=\"cmsmasters_row_outer\">\n<div class=\"cmsmasters_row_inner cmsmasters_row_no_margin\">\n<div class=\"cmsmasters_row_margin\">\n<div class=\"cmsmasters_column one_third berja_ligjit_section\">\n<div class=\"cmsmasters_img  cmsmasters_image_l\"><a href=\"https:\/\/old.kli-ks.org\/new\/berja-e-ligjit\/\"><img decoding=\"async\" src=\"https:\/\/old.kli-ks.org\/wp-content\/uploads\/2018\/06\/Berja-e-Ligjit-300x300.png\" \/><\/a><\/div><div id=\"cmsmasters_fb_3ck3rqr7g\" class=\"cmsmasters_featured_block\">\n<div class=\"featured_block_inner\">\n<div class=\"featured_block_text\">\n<div id=\"cmsmasters_heading_imgk5dkubq\" class=\"cmsmasters_heading_wrap cmsmasters_heading_align_left\">\n\t<h2 class=\"cmsmasters_heading\"><a href=\"https:\/\/old.kli-ks.org\/en\/making-of-law\/\">Making of law<\/a><\/h2>\n<\/div>\n<\/div>\n<\/div>\n<\/div>\n<\/div>\n<div class=\"cmsmasters_column one_third sundimi_ligjit_section\">\n<div class=\"cmsmasters_img  cmsmasters_image_l\"><a href=\"https:\/\/old.kli-ks.org\/new\/sundimi-i-ligjit\/\"><img decoding=\"async\" src=\"https:\/\/old.kli-ks.org\/wp-content\/uploads\/2018\/06\/Sundimi-i-Ligjit-300x300.png\" \/><\/a><\/div><div id=\"cmsmasters_fb_3bebvkrzni\" class=\"cmsmasters_featured_block\">\n<div class=\"featured_block_inner\">\n<div class=\"featured_block_text\">\n<div id=\"cmsmasters_heading_3bebvkrzni\" class=\"cmsmasters_heading_wrap cmsmasters_heading_align_left\">\n\t<h2 class=\"cmsmasters_heading\"><a href=\"https:\/\/old.kli-ks.org\/en\/rule-of-law\/\">Rule of law<\/a><\/h2>\n<\/div>\n<\/div>\n<\/div>\n<\/div>\n<\/div>\n<div class=\"cmsmasters_column one_third antikorrupsioni_section\">\n<div class=\"cmsmasters_img  cmsmasters_image_l\"><a href=\"https:\/\/old.kli-ks.org\/new\/antikorrupsioni-2\/\"><img decoding=\"async\" src=\"https:\/\/old.kli-ks.org\/wp-content\/uploads\/2018\/06\/AntiKorrupsioni-300x300.png\" \/><\/a><\/div><div id=\"cmsmasters_fb_cl1snjowuq\" class=\"cmsmasters_featured_block\">\n<div class=\"featured_block_inner\">\n<div class=\"featured_block_text\">\n<div id=\"cmsmasters_heading_cl1snjowuq\" class=\"cmsmasters_heading_wrap cmsmasters_heading_align_left\">\n\t<h2 class=\"cmsmasters_heading\"><a href=\"https:\/\/old.kli-ks.org\/en\/anticorruption\/\">Anticorruption<\/a><\/h2>\n<\/div>\n<\/div>\n<\/div>\n<\/div>\n<\/div>\n<\/div>\n<\/div>\n<\/div>\n<\/div>\n<\/div>\n<div id=\"cmsmasters_row_b4kdvxdup\" class=\"cmsmasters_row cmsmasters_color_scheme_default program_boxes cmsmasters_row_top_default cmsmasters_row_bot_default cmsmasters_row_boxed\">\n<div class=\"cmsmasters_row_outer_parent\">\n<div class=\"cmsmasters_row_outer\">\n<div class=\"cmsmasters_row_inner cmsmasters_row_no_margin\">\n<div class=\"cmsmasters_row_margin\">\n<div class=\"cmsmasters_column one_third drejtesia_zgjidhje_section\">\n<div class=\"cmsmasters_img  cmsmasters_image_l\"><a href=\"https:\/\/old.kli-ks.org\/new\/drejtesia-ne-zgjedhje\/\"><img decoding=\"async\" src=\"https:\/\/old.kli-ks.org\/wp-content\/uploads\/2018\/06\/Drejtesia-ne-Zgjedhje-300x300.png\" \/><\/a><\/div><div id=\"cmsmasters_fb_nc239sul1y\" class=\"cmsmasters_featured_block\">\n<div class=\"featured_block_inner\">\n<div class=\"featured_block_text\">\n<div id=\"cmsmasters_heading_nc239sul1y\" class=\"cmsmasters_heading_wrap cmsmasters_heading_align_left\">\n\t<h2 class=\"cmsmasters_heading\"><a href=\"https:\/\/old.kli-ks.org\/en\/justice-in-elections\/\">Justice in elections<\/a><\/h2>\n<\/div>\n<\/div>\n<\/div>\n<\/div>\n<\/div>\n<div class=\"cmsmasters_column one_third edukimi_section\">\n<div class=\"cmsmasters_img  cmsmasters_image_l\"><a href=\"https:\/\/old.kli-ks.org\/new\/edukimi\/\"><img decoding=\"async\" src=\"https:\/\/old.kli-ks.org\/wp-content\/uploads\/2018\/06\/Edukimi-300x300.png\" \/><\/a><\/div><div id=\"cmsmasters_fb_h3btl37fpb\" class=\"cmsmasters_featured_block\">\n<div class=\"featured_block_inner\">\n<div class=\"featured_block_text\">\n<div id=\"cmsmasters_heading_h3btl37fpb\" class=\"cmsmasters_heading_wrap cmsmasters_heading_align_left\">\n\t<h2 class=\"cmsmasters_heading\"><a href=\"https:\/\/old.kli-ks.org\/en\/education\/\">Education<\/a><\/h2>\n<\/div>\n<\/div>\n<\/div>\n<\/div>\n<\/div>\n<div class=\"cmsmasters_column one_third media_section\">\n<div class=\"cmsmasters_img  cmsmasters_image_n\"><a href=\"https:\/\/old.kli-ks.org\/new\/media\/\"><img decoding=\"async\" src=\"https:\/\/old.kli-ks.org\/wp-content\/uploads\/2018\/06\/Media-300x300.png\" \/><\/a><\/div><div id=\"cmsmasters_fb_6jnwe4e8xk\" class=\"cmsmasters_featured_block\">\n<div class=\"featured_block_inner\">\n<div class=\"featured_block_text\">\n<div id=\"cmsmasters_heading_6jnwe4e8xk\" class=\"cmsmasters_heading_wrap cmsmasters_heading_align_left\">\n\t<h2 class=\"cmsmasters_heading\"><a href=\"https:\/\/old.kli-ks.org\/en\/media\/\">Media<\/a><\/h2>\n<\/div>\n<\/div>\n<\/div>\n<\/div>\n<\/div>\n<\/div>\n<\/div>\n<\/div>\n<\/div>\n<\/div>\n<div id=\"cmsmasters_row_n9z4fcyr7c\" class=\"cmsmasters_row cmsmasters_color_scheme_default cmsmasters_row_top_default cmsmasters_row_bot_default cmsmasters_row_boxed\">\n<div class=\"cmsmasters_row_outer_parent\">\n<div class=\"cmsmasters_row_outer\">\n<div class=\"cmsmasters_row_inner\">\n<div class=\"cmsmasters_row_margin\">\n<div class=\"cmsmasters_column one_first\">\n<div id=\"cmsmasters_heading_teevamhi1m\" class=\"cmsmasters_heading_wrap cmsmasters_heading_align_center cmsmasters_heading\">\n\t<h2 class=\"cmsmasters_heading\">KLI in numbers <\/h2>\n<\/div><div id=\"cmsmasters_counters_wly4vzbzlo\" class=\"cmsmasters_counters counters_type_horizontal\"><div class=\"cmsmasters_counter_wrap one_third\">\n<div id=\"cmsmasters_counter_sawswkvbur\" class=\"cmsmasters_counter\" data-percent=\"8000\">\n<div class=\"cmsmasters_counter_inner\">\n<span class=\"cmsmasters_counter_counter_wrap\">\n<span class=\"cmsmasters_counter_prefix\"><\/span><span class=\"cmsmasters_counter_counter\">0<\/span><span class=\"cmsmasters_counter_suffix\"><\/span>\n<\/span>\n<span class=\"cmsmasters_counter_title\">Monitored sessions<\/span>\n<\/div>\n<\/div>\n<\/div><div class=\"cmsmasters_counter_wrap one_third\">\n<div id=\"cmsmasters_counter_22qhdrzxn7\" class=\"cmsmasters_counter\" data-percent=\"60\">\n<div class=\"cmsmasters_counter_inner\">\n<span class=\"cmsmasters_counter_counter_wrap\">\n<span class=\"cmsmasters_counter_prefix\"><\/span><span class=\"cmsmasters_counter_counter\">0<\/span><span class=\"cmsmasters_counter_suffix\"><\/span>\n<\/span>\n<span class=\"cmsmasters_counter_title\">Monitors\/researchers <\/span>\n<\/div>\n<\/div>\n<\/div><div class=\"cmsmasters_counter_wrap one_third\">\n<div id=\"cmsmasters_counter_lr70d6amz8\" class=\"cmsmasters_counter\" data-percent=\"70\">\n<div class=\"cmsmasters_counter_inner\">\n<span class=\"cmsmasters_counter_counter_wrap\">\n<span class=\"cmsmasters_counter_prefix\"><\/span><span class=\"cmsmasters_counter_counter\">0<\/span><span class=\"cmsmasters_counter_suffix\"><\/span>\n<\/span>\n<span class=\"cmsmasters_counter_title\">Publications <\/span>\n<\/div>\n<\/div>\n<\/div><\/div>\n<\/div>\n<\/div>\n<\/div>\n<\/div>\n<\/div>\n<\/div>\n<div id=\"cmsmasters_row_iv0y2k8e9d\" class=\"cmsmasters_row cmsmasters_color_scheme_default cmsmasters_row_top_default cmsmasters_row_bot_default cmsmasters_row_boxed\" data-stellar-background-ratio=\"0.5\">\n<div class=\"cmsmasters_row_outer_parent\">\n<div class=\"cmsmasters_row_outer\">\n<div class=\"cmsmasters_row_inner\">\n<div class=\"cmsmasters_row_margin\">\n<div class=\"cmsmasters_column one_first\">\n<div id=\"cmsmasters_heading_c00yvnw26\" class=\"cmsmasters_heading_wrap cmsmasters_heading_align_center\">\n\t<h3 class=\"cmsmasters_heading\">Online Platform<\/h3>\n<\/div><div id=\"cmsmasters_heading_69snnb5vym\" class=\"cmsmasters_heading_wrap cmsmasters_heading_align_center\">\n\t<h2 class=\"cmsmasters_heading\">JUDICIAL MONITORING PLATFORM<\/h2>\n<\/div><div class=\"cmsmasters_text\">\n<p style=\"color: white; text-align: center; max-width: 600px; margin-left: auto; margin-right: auto;\">Judicial monitoring platform is a product of systematic and direct monitoring of the justice system by the Kosovo Law Institute. Systematic monitoring includes courts, prosecutions, police and other agencies of law enforcement in treating of cases in criminal procedures, civil, administrative and economic matters.<\/p>\n<\/div>\n<div id=\"cmsmasters_divider_gu0h433zwu\" class=\"cl\"><\/div>\n<div id=\"cmsmasters_button_pusvindezc\" class=\"button_wrap\"><a href=\"https:\/\/ejudiciary.org\/en\" class=\"cmsmasters_button\" target=\"_blank\"><span>VISIT PLATFORM<\/span><\/a><\/div>\n<\/div>\n<\/div>\n<\/div>\n<\/div>\n<\/div>\n<\/div>\n<div id=\"cmsmasters_row_gwpftpv9hv\" class=\"cmsmasters_row cmsmasters_color_scheme_default cmsmasters_row_top_default cmsmasters_row_bot_default cmsmasters_row_boxed\">\n<div class=\"cmsmasters_row_outer_parent\">\n<div class=\"cmsmasters_row_outer\">\n<div class=\"cmsmasters_row_inner\">\n<div class=\"cmsmasters_row_margin\">\n<div class=\"cmsmasters_column one_first\">\n<div id=\"cmsmasters_heading_n13qx1klw7\" class=\"cmsmasters_heading_wrap cmsmasters_heading_align_center\">\n\t<h3 class=\"cmsmasters_heading\">Read <\/h3>\n<\/div><div id=\"cmsmasters_heading_2hpxdbvn7\" class=\"cmsmasters_heading_wrap cmsmasters_heading_align_center\">\n\t<h2 class=\"cmsmasters_heading\">Last activities<\/h2>\n<\/div><div class=\"cmsmasters_text\">\n<p>[theme_grid_items posts_per_page=12 category=2 has_excerpt=true is_slider=true]<\/p>\n<\/div>\n<div id=\"cmsmasters_button_22c1ev6m3s\" class=\"button_wrap\"><a href=\"https:\/\/old.kli-ks.org\/new\/category\/lajme\/\" class=\"cmsmasters_button\" target=\"_blank\"><span>READ ALL<\/span><\/a><\/div>\n<div id=\"cmsmasters_divider_ot5hxuz26\" class=\"cl\"><\/div>\n<\/div>\n<\/div>\n<\/div>\n<\/div>\n<\/div>\n<\/div>\n<div id=\"cmsmasters_row_xio7oemwxp\" class=\"cmsmasters_row cmsmasters_color_scheme_default custom_rss_feed cmsmasters_row_top_default cmsmasters_row_bot_default cmsmasters_row_boxed\">\n<div class=\"cmsmasters_row_outer_parent\">\n<div class=\"cmsmasters_row_outer\">\n<div class=\"cmsmasters_row_inner\">\n<div class=\"cmsmasters_row_margin\">\n<div class=\"cmsmasters_column one_first\">\n<div id=\"cmsmasters_heading_lpl8c2vn6\" class=\"cmsmasters_heading_wrap cmsmasters_heading_align_left betimiD\">\n\t<h1 class=\"cmsmasters_heading\">News from Betimi p\u00ebr Drejt\u00ebsi<\/h1>\n<\/div><div class=\"cmsmasters_text\">\n<p>[get_custom_rss posts_per_page=8]<\/p>\n<\/div>\n<\/div>\n<\/div>\n<\/div>\n<\/div>\n<\/div>\n<\/div>\n<div id=\"cmsmasters_row_sdfc7g0rq3\" class=\"cmsmasters_row cmsmasters_color_scheme_default cmsmasters_row_top_default cmsmasters_row_bot_default cmsmasters_row_boxed\">\n<div class=\"cmsmasters_row_outer_parent\">\n<div class=\"cmsmasters_row_outer\">\n<div class=\"cmsmasters_row_inner\">\n<div class=\"cmsmasters_row_margin\">\n<div class=\"cmsmasters_column one_first\">\n<div id=\"cmsmasters_heading_zh7s6kkfzp\" class=\"cmsmasters_heading_wrap cmsmasters_heading_align_center\">\n\t<h3 class=\"cmsmasters_heading\">Read<\/h3>\n<\/div><div id=\"cmsmasters_heading_aogam35y1p\" class=\"cmsmasters_heading_wrap cmsmasters_heading_align_center\">\n\t<h2 class=\"cmsmasters_heading\">Last publications<\/h2>\n<\/div><div class=\"cmsmasters_text\">\n<p>[theme_grid_items posts_per_page=12 category=4 has_excerpt=true is_slider=true]<\/p>\n<\/div>\n<div id=\"cmsmasters_button_j1il7jmujm\" class=\"button_wrap\"><a href=\"https:\/\/old.kli-ks.org\/new\/category\/publikime\/\" class=\"cmsmasters_button\"><span>READ ALL<\/span><\/a><\/div>\n<div id=\"cmsmasters_divider_essjdqsgb9\" class=\"cl\"><\/div>\n<\/div>\n<\/div>\n<\/div>\n<\/div>\n<\/div>\n<\/div>\n<div id=\"cmsmasters_row_uliimhftp9\" class=\"cmsmasters_row cmsmasters_color_scheme_default cmsmasters_row_top_default cmsmasters_row_bot_default cmsmasters_row_boxed\" data-stellar-background-ratio=\"0.5\">\n<div class=\"cmsmasters_row_outer_parent\">\n<div class=\"cmsmasters_row_outer\">\n<div class=\"cmsmasters_row_inner\">\n<div class=\"cmsmasters_row_margin\">\n<div class=\"cmsmasters_column one_first\">\n<div id=\"cmsmasters_heading_k2u0cfmhnr\" class=\"cmsmasters_heading_wrap cmsmasters_heading_align_center\">\n\t<h3 class=\"cmsmasters_heading\">About Center for Legal Aid<\/h3>\n<\/div><div id=\"cmsmasters_heading_9covnrwen8\" class=\"cmsmasters_heading_wrap cmsmasters_heading_align_center\">\n\t<h2 class=\"cmsmasters_heading\"> Free Legal Aid Center<\/h2>\n<\/div>\n<div id=\"cmsmasters_divider_8wg8erf0ec\" class=\"cl\"><\/div>\n<div id=\"cmsmasters_button_ojvid3gm6\" class=\"button_wrap\"><a href=\"http:\/\/ndihmajuridikeikd.org\/en\/\" class=\"cmsmasters_button\" target=\"_blank\"><span>VISIT WEBSITE<\/span><\/a><\/div>\n<\/div>\n<\/div>\n<\/div>\n<\/div>\n<\/div>\n<\/div>\n<div id=\"cmsmasters_row_jfgojai2n\" class=\"cmsmasters_row cmsmasters_color_scheme_default inline_thumbs_holder cmsmasters_row_top_default cmsmasters_row_bot_default cmsmasters_row_boxed\">\n<div class=\"cmsmasters_row_outer_parent\">\n<div class=\"cmsmasters_row_outer\">\n<div class=\"cmsmasters_row_inner\">\n<div class=\"cmsmasters_row_margin\">\n<div class=\"cmsmasters_column one_first\">\n<div id=\"cmsmasters_divider_0osnh1x5q\" class=\"cl\"><\/div>\n<div id=\"cmsmasters_heading_9zw6x6dt3\" class=\"cmsmasters_heading_wrap cmsmasters_heading_align_center\">\n\t<h2 class=\"cmsmasters_heading\">Donors <\/h2>\n<\/div><div class=\"cmsmasters_clients_grid_wrap\" data-animation=\"fadeInUp\" data-delay=\"0\">\n<div id=\"cmsmasters_clients_y50198i9ns\" class=\"cmsmasters_clients_grid clients_five\">\n<div class=\"cmsmasters_clients_items slides\">\n<div class=\"cmsmasters_clients_item item\"><a href=\"https:\/\/www.gov.uk\/world\/organisations\/british-embassy-pristina\" target=\"_blank\"><img decoding=\"async\" src=\"https:\/\/old.kli-ks.org\/wp-content\/uploads\/2018\/07\/British_embassy.png\" alt=\"Ambasada Britanike n\u00eb Prishtin\u00eb UK Embassy in Kosovo \" title=\"Ambasada Britanike n\u00eb Prishtin\u00eb UK Embassy in Kosovo \" \/><\/a><\/div><div class=\"cmsmasters_clients_item item\"><a href=\"https:\/\/xk.usembassy.gov\/\" target=\"_blank\"><img decoding=\"async\" src=\"https:\/\/old.kli-ks.org\/wp-content\/uploads\/2018\/07\/us_embassy.png\" alt=\"Ambasada Amerikane n\u00eb Prishtin\u00eb(US Embbasy, Pristina), US Embassy in Kosovo\" title=\"Ambasada Amerikane n\u00eb Prishtin\u00eb(US Embbasy, Pristina), US Embassy in Kosovo\" \/><\/a><\/div><div class=\"cmsmasters_clients_item item\"><a href=\"https:\/\/www.netherlandsandyou.nl\/your-country-and-the-netherlands\/kosovo\/about-us\/embassy-pristina\" target=\"_blank\"><img decoding=\"async\" src=\"https:\/\/old.kli-ks.org\/wp-content\/uploads\/2018\/07\/logo-kn-eng.png\" alt=\"Ambasada Holandeze n\u00eb Prishtin\u00eb\" title=\"Ambasada Holandeze n\u00eb Prishtin\u00eb\" \/><\/a><\/div><div class=\"cmsmasters_clients_item item\"><a href=\"http:\/\/www.undp.org\/content\/undp\/en\/home\/jobs.html\" target=\"_blank\"><img decoding=\"async\" src=\"https:\/\/old.kli-ks.org\/wp-content\/uploads\/2018\/07\/undp-logo-300x148.png\" alt=\"United Nations Development Programme(UNDP)\" title=\"United Nations Development Programme(UNDP)\" \/><\/a><\/div><div class=\"cmsmasters_clients_item item\"><a href=\"https:\/\/www.unops.org\/kosovo\" target=\"_blank\"><img decoding=\"async\" src=\"https:\/\/old.kli-ks.org\/wp-content\/uploads\/2018\/07\/unops.jpg\" alt=\"UNOPS \" title=\"UNOPS \" \/><\/a><\/div><div class=\"cmsmasters_clients_item item\"><a href=\"http:\/\/www.fesdc.org\/about\/friedrich-ebert-stiftung\/\" target=\"_blank\"><img decoding=\"async\" src=\"https:\/\/old.kli-ks.org\/wp-content\/uploads\/2018\/07\/fesdc.png\" alt=\"Friedrich Ebert Stiftung(FES)\" title=\"Friedrich Ebert Stiftung(FES)\" \/><\/a><\/div><div class=\"cmsmasters_clients_item item\"><a href=\"https:\/\/kfos.org\/\" target=\"_blank\"><img decoding=\"async\" src=\"https:\/\/old.kli-ks.org\/wp-content\/uploads\/2018\/07\/kfos1.png\" alt=\"Fondacioni p\u00ebr Shoq\u00ebri t\u00eb Hapur (KFOS)\" title=\"Fondacioni p\u00ebr Shoq\u00ebri t\u00eb Hapur (KFOS)\" \/><\/a><\/div><div class=\"cmsmasters_clients_item item\"><a href=\"https:\/\/www.rbf.org\/\" target=\"_blank\"><img decoding=\"async\" src=\"https:\/\/old.kli-ks.org\/wp-content\/uploads\/2018\/07\/logo.png\" alt=\"Rockefeller Brothers Fund (RBF),\" title=\"Rockefeller Brothers Fund (RBF),\" \/><\/a><\/div><div class=\"cmsmasters_clients_item item\"><a href=\"https:\/\/www.ned.org\/\" target=\"_blank\"><img decoding=\"async\" src=\"https:\/\/old.kli-ks.org\/wp-content\/uploads\/2018\/07\/nde.png\" alt=\"NED &#8211; National Endoemend for Democracy\" title=\"NED &#8211; National Endoemend for Democracy\" \/><\/a><\/div><div class=\"cmsmasters_clients_item item\"><a href=\"http:\/\/www.ncsc.org\/\" target=\"_blank\"><img decoding=\"async\" src=\"https:\/\/old.kli-ks.org\/wp-content\/uploads\/2018\/07\/ncsc.png\" alt=\"NCSC National Center for State Courts\" title=\"NCSC National Center for State Courts\" \/><\/a><\/div><div class=\"cmsmasters_clients_item item\"><a href=\"http:\/\/www.kcsfoundation.org\/\" target=\"_blank\"><img decoding=\"async\" src=\"https:\/\/old.kli-ks.org\/wp-content\/uploads\/2018\/07\/logo190.png\" alt=\"KCSF Fondacioni p\u00ebr Shoq\u00ebri Civile \" title=\"KCSF Fondacioni p\u00ebr Shoq\u00ebri Civile \" \/><\/a><\/div><\/div>\n<\/div>\n<\/div>\n<\/div>\n<\/div>\n<\/div>\n<\/div>\n<\/div>\n<\/div>\n<div id=\"cmsmasters_row_ab414nd2im\" class=\"cmsmasters_row cmsmasters_color_scheme_default social_media_platforms cmsmasters_row_top_default cmsmasters_row_bot_default cmsmasters_row_boxed\">\n<div class=\"cmsmasters_row_outer_parent\">\n<div class=\"cmsmasters_row_overlay\"><\/div>\n<div class=\"cmsmasters_row_outer\">\n<div class=\"cmsmasters_row_inner\">\n<div class=\"cmsmasters_row_margin\">\n<div class=\"cmsmasters_column one_first\">\n<div id=\"cmsmasters_heading_70pxgucz22\" class=\"cmsmasters_heading_wrap cmsmasters_heading_align_left\">\n\t<h1 class=\"cmsmasters_heading\">Follow us on<\/h1>\n<\/div>\n<\/div>\n<\/div>\n<\/div>\n<\/div>\n<\/div>\n<\/div>\n<div id=\"cmsmasters_row_g9nxc5e0k5\" class=\"cmsmasters_row cmsmasters_color_scheme_default social_media_platforms cmsmasters_row_top_default cmsmasters_row_bot_default cmsmasters_row_boxed\">\n<div class=\"cmsmasters_row_outer_parent\">\n<div class=\"cmsmasters_row_overlay\"><\/div>\n<div class=\"cmsmasters_row_outer\">\n<div class=\"cmsmasters_row_inner\">\n<div class=\"cmsmasters_row_margin\">\n<div class=\"cmsmasters_column one_first\">\n<div id=\"cmsmasters_button_4gh3ob2oe\" class=\"button_wrap\"><a href=\"https:\/\/www.facebook.com\/betimiperdrejtesi\" class=\"cmsmasters_button bpd_fb\" target=\"_blank\"><span>Facebook BpD<\/span><\/a><\/div>\n<div id=\"cmsmasters_button_txx0dylibm\" class=\"button_wrap\"><a href=\"https:\/\/www.facebook.com\/Kosovo-Law-Institute-275739927244\/\" class=\"cmsmasters_button kli_fb\" target=\"_blank\"><span>Facebook KLI<\/span><\/a><\/div>\n<div id=\"cmsmasters_button_voy4ulz4cq\" class=\"button_wrap\"><a href=\"https:\/\/www.youtube.com\/user\/betimiperdrejtesi\" class=\"cmsmasters_button kli_youtube\" target=\"_blank\"><span>BpD Youtube<\/span><\/a><\/div>\n<div id=\"cmsmasters_button_i5m5hr9h1\" class=\"button_wrap\"><a href=\"http:\/\/judiciarymonitoring.kli-ks.org\/\" class=\"cmsmasters_button platform\" target=\"_blank\"><span>Online monitoring<\/span><\/a><\/div>\n<\/div>\n<\/div>\n<\/div>\n<\/div>\n<\/div>\n<\/div>\n\n","protected":false},"excerpt":{"rendered":"","protected":false},"author":2,"featured_media":0,"parent":0,"menu_order":0,"comment_status":"closed","ping_status":"closed","template":"","meta":{"footnotes":""},"class_list":["post-14162","page","type-page","status-publish","hentry"],"yoast_head":"<!-- This site is optimized with the Yoast SEO plugin v26.4 - https:\/\/yoast.com\/wordpress\/plugins\/seo\/ -->\n<title>Home - IKD<\/title>\n<meta name=\"robots\" content=\"index, follow, max-snippet:-1, max-image-preview:large, max-video-preview:-1\" \/>\n<link rel=\"canonical\" href=\"https:\/\/old.kli-ks.org\/en\/\" \/>\n<meta property=\"og:locale\" content=\"en_US\" \/>\n<meta property=\"og:type\" content=\"article\" \/>\n<meta property=\"og:title\" content=\"Home - IKD\" \/>\n<meta property=\"og:url\" content=\"https:\/\/old.kli-ks.org\/en\/\" \/>\n<meta property=\"og:site_name\" content=\"IKD\" \/>\n<meta property=\"article:modified_time\" content=\"2019-05-07T01:37:59+00:00\" \/>\n<meta name=\"twitter:card\" content=\"summary_large_image\" \/>\n<meta name=\"twitter:label1\" content=\"Est. reading time\" \/>\n\t<meta name=\"twitter:data1\" content=\"14 minutes\" \/>\n<script type=\"application\/ld+json\" class=\"yoast-schema-graph\">{\"@context\":\"https:\/\/schema.org\",\"@graph\":[{\"@type\":\"WebPage\",\"@id\":\"https:\/\/old.kli-ks.org\/en\/\",\"url\":\"https:\/\/old.kli-ks.org\/en\/\",\"name\":\"Home - IKD\",\"isPartOf\":{\"@id\":\"https:\/\/old.kli-ks.org\/#website\"},\"datePublished\":\"2015-11-18T08:37:53+00:00\",\"dateModified\":\"2019-05-07T01:37:59+00:00\",\"breadcrumb\":{\"@id\":\"https:\/\/old.kli-ks.org\/en\/#breadcrumb\"},\"inLanguage\":\"en-US\",\"potentialAction\":[{\"@type\":\"ReadAction\",\"target\":[\"https:\/\/old.kli-ks.org\/en\/\"]}]},{\"@type\":\"BreadcrumbList\",\"@id\":\"https:\/\/old.kli-ks.org\/en\/#breadcrumb\",\"itemListElement\":[{\"@type\":\"ListItem\",\"position\":1,\"name\":\"Home\",\"item\":\"https:\/\/old.kli-ks.org\/en\/\"},{\"@type\":\"ListItem\",\"position\":2,\"name\":\"Home\"}]},{\"@type\":\"WebSite\",\"@id\":\"https:\/\/old.kli-ks.org\/#website\",\"url\":\"https:\/\/old.kli-ks.org\/\",\"name\":\"IKD\",\"description\":\"Instituti i Kosov\u00ebs p\u00ebr Drejt\u00ebsi\",\"publisher\":{\"@id\":\"https:\/\/old.kli-ks.org\/#organization\"},\"potentialAction\":[{\"@type\":\"SearchAction\",\"target\":{\"@type\":\"EntryPoint\",\"urlTemplate\":\"https:\/\/old.kli-ks.org\/?s={search_term_string}\"},\"query-input\":{\"@type\":\"PropertyValueSpecification\",\"valueRequired\":true,\"valueName\":\"search_term_string\"}}],\"inLanguage\":\"en-US\"},{\"@type\":\"Organization\",\"@id\":\"https:\/\/old.kli-ks.org\/#organization\",\"name\":\"Instituti i Kosov\u00ebs p\u00ebr Drejt\u00ebsi\",\"url\":\"https:\/\/old.kli-ks.org\/\",\"logo\":{\"@type\":\"ImageObject\",\"inLanguage\":\"en-US\",\"@id\":\"https:\/\/old.kli-ks.org\/#\/schema\/logo\/image\/\",\"url\":\"https:\/\/old.kli-ks.org\/wp-content\/uploads\/2014\/05\/LOGO-INSTITUTI-JPG.jpg\",\"contentUrl\":\"https:\/\/old.kli-ks.org\/wp-content\/uploads\/2014\/05\/LOGO-INSTITUTI-JPG.jpg\",\"width\":883,\"height\":242,\"caption\":\"Instituti i Kosov\u00ebs p\u00ebr Drejt\u00ebsi\"},\"image\":{\"@id\":\"https:\/\/old.kli-ks.org\/#\/schema\/logo\/image\/\"}}]}<\/script>\n<!-- \/ Yoast SEO plugin. -->","yoast_head_json":{"title":"Home - IKD","robots":{"index":"index","follow":"follow","max-snippet":"max-snippet:-1","max-image-preview":"max-image-preview:large","max-video-preview":"max-video-preview:-1"},"canonical":"https:\/\/old.kli-ks.org\/en\/","og_locale":"en_US","og_type":"article","og_title":"Home - IKD","og_url":"https:\/\/old.kli-ks.org\/en\/","og_site_name":"IKD","article_modified_time":"2019-05-07T01:37:59+00:00","twitter_card":"summary_large_image","twitter_misc":{"Est. reading time":"14 minutes"},"schema":{"@context":"https:\/\/schema.org","@graph":[{"@type":"WebPage","@id":"https:\/\/old.kli-ks.org\/en\/","url":"https:\/\/old.kli-ks.org\/en\/","name":"Home - IKD","isPartOf":{"@id":"https:\/\/old.kli-ks.org\/#website"},"datePublished":"2015-11-18T08:37:53+00:00","dateModified":"2019-05-07T01:37:59+00:00","breadcrumb":{"@id":"https:\/\/old.kli-ks.org\/en\/#breadcrumb"},"inLanguage":"en-US","potentialAction":[{"@type":"ReadAction","target":["https:\/\/old.kli-ks.org\/en\/"]}]},{"@type":"BreadcrumbList","@id":"https:\/\/old.kli-ks.org\/en\/#breadcrumb","itemListElement":[{"@type":"ListItem","position":1,"name":"Home","item":"https:\/\/old.kli-ks.org\/en\/"},{"@type":"ListItem","position":2,"name":"Home"}]},{"@type":"WebSite","@id":"https:\/\/old.kli-ks.org\/#website","url":"https:\/\/old.kli-ks.org\/","name":"IKD","description":"Instituti i Kosov\u00ebs p\u00ebr Drejt\u00ebsi","publisher":{"@id":"https:\/\/old.kli-ks.org\/#organization"},"potentialAction":[{"@type":"SearchAction","target":{"@type":"EntryPoint","urlTemplate":"https:\/\/old.kli-ks.org\/?s={search_term_string}"},"query-input":{"@type":"PropertyValueSpecification","valueRequired":true,"valueName":"search_term_string"}}],"inLanguage":"en-US"},{"@type":"Organization","@id":"https:\/\/old.kli-ks.org\/#organization","name":"Instituti i Kosov\u00ebs p\u00ebr Drejt\u00ebsi","url":"https:\/\/old.kli-ks.org\/","logo":{"@type":"ImageObject","inLanguage":"en-US","@id":"https:\/\/old.kli-ks.org\/#\/schema\/logo\/image\/","url":"https:\/\/old.kli-ks.org\/wp-content\/uploads\/2014\/05\/LOGO-INSTITUTI-JPG.jpg","contentUrl":"https:\/\/old.kli-ks.org\/wp-content\/uploads\/2014\/05\/LOGO-INSTITUTI-JPG.jpg","width":883,"height":242,"caption":"Instituti i Kosov\u00ebs p\u00ebr Drejt\u00ebsi"},"image":{"@id":"https:\/\/old.kli-ks.org\/#\/schema\/logo\/image\/"}}]}},"_links":{"self":[{"href":"https:\/\/old.kli-ks.org\/en\/wp-json\/wp\/v2\/pages\/14162","targetHints":{"allow":["GET"]}}],"collection":[{"href":"https:\/\/old.kli-ks.org\/en\/wp-json\/wp\/v2\/pages"}],"about":[{"href":"https:\/\/old.kli-ks.org\/en\/wp-json\/wp\/v2\/types\/page"}],"author":[{"embeddable":true,"href":"https:\/\/old.kli-ks.org\/en\/wp-json\/wp\/v2\/users\/2"}],"replies":[{"embeddable":true,"href":"https:\/\/old.kli-ks.org\/en\/wp-json\/wp\/v2\/comments?post=14162"}],"version-history":[{"count":5,"href":"https:\/\/old.kli-ks.org\/en\/wp-json\/wp\/v2\/pages\/14162\/revisions"}],"predecessor-version":[{"id":19901,"href":"https:\/\/old.kli-ks.org\/en\/wp-json\/wp\/v2\/pages\/14162\/revisions\/19901"}],"wp:attachment":[{"href":"https:\/\/old.kli-ks.org\/en\/wp-json\/wp\/v2\/media?parent=14162"}],"curies":[{"name":"wp","href":"https:\/\/api.w.org\/{rel}","templated":true}]}}